{"id":334,"date":"2025-08-11T16:24:55","date_gmt":"2025-08-11T14:24:55","guid":{"rendered":"https:\/\/cms.mrkoelsch.de\/pagina-de-ejemplo\/"},"modified":"2025-08-27T11:27:30","modified_gmt":"2025-08-27T09:27:30","slug":"pagina-de-ejemplo","status":"publish","type":"page","link":"https:\/\/cms.mrkoelsch.de\/es\/pagina-de-ejemplo\/","title":{"rendered":"P\u00e1gina de ejemplo"},"content":{"rendered":"\n<p>Esta es una p\u00e1gina de ejemplo. Se diferencia de las entradas en que permanece siempre en el mismo lugar y (en la mayor\u00eda de los temas) se muestra en la navegaci\u00f3n del sitio web. La mayor\u00eda empiezan con un aviso legal, la pol\u00edtica de privacidad o una p\u00e1gina de \u00abAcerca de nosotros\u00bb para presentarse a los visitantes potenciales del sitio web. Por ejemplo, podr\u00eda decir:   <\/p>\n\n<blockquote class=\"wp-block-quote is-layout-flow wp-block-quote-is-layout-flow\"><p>\u00a1Hola! Durante el d\u00eda trabajo como mensajero en bicicleta, por la noche soy un aspirante a actor y este es mi sitio web. Vivo en Berl\u00edn, tengo un perro grande llamado Jack, me gustan las pi\u00f1as coladas, pero menos que me dejen bajo la lluvia (sin sombrilla).  <\/p><\/blockquote>\n\n<p>\u2026 o algo parecido a:<\/p>\n\n<blockquote class=\"wp-block-quote is-layout-flow wp-block-quote-is-layout-flow\"><p>La empresa XYZ se fund\u00f3 en 1971 y desde entonces ofrece al p\u00fablico productos de alta calidad. En su sede de una peque\u00f1a gran ciudad, la empresa emplea a m\u00e1s de 2.000 personas y apoya a los habitantes de la ciudad de muchas maneras. <\/p><\/blockquote>\n\n<p>Como nuevo usuario de WordPress, deber\u00edas acceder a <a href=\"http:\/\/localhost\/wp-admin\/\">tu escritorio<\/a> para eliminar esta p\u00e1gina y crear nuevas p\u00e1ginas y entradas para tu sitio web. \u00a1Que te diviertas! <\/p>\n","protected":false},"excerpt":{"rendered":"<p>Esta es una p\u00e1gina de ejemplo. Se diferencia de las entradas en que permanece siempre en el mismo lugar y (en la mayor\u00eda de los temas) se muestra en la navegaci\u00f3n del sitio web. La mayor\u00eda empiezan con un aviso legal, la pol\u00edtica de privacidad o una p\u00e1gina de \u00abAcerca de nosotros\u00bb para presentarse a [&hellip;]<\/p>\n","protected":false},"author":1,"featured_media":0,"parent":0,"menu_order":0,"comment_status":"closed","ping_status":"open","template":"","meta":{"footnotes":""},"class_list":["post-334","page","type-page","status-publish","hentry"],"_links":{"self":[{"href":"https:\/\/cms.mrkoelsch.de\/es\/wp-json\/wp\/v2\/pages\/334","targetHints":{"allow":["GET"]}}],"collection":[{"href":"https:\/\/cms.mrkoelsch.de\/es\/wp-json\/wp\/v2\/pages"}],"about":[{"href":"https:\/\/cms.mrkoelsch.de\/es\/wp-json\/wp\/v2\/types\/page"}],"author":[{"embeddable":true,"href":"https:\/\/cms.mrkoelsch.de\/es\/wp-json\/wp\/v2\/users\/1"}],"replies":[{"embeddable":true,"href":"https:\/\/cms.mrkoelsch.de\/es\/wp-json\/wp\/v2\/comments?post=334"}],"version-history":[{"count":1,"href":"https:\/\/cms.mrkoelsch.de\/es\/wp-json\/wp\/v2\/pages\/334\/revisions"}],"predecessor-version":[{"id":335,"href":"https:\/\/cms.mrkoelsch.de\/es\/wp-json\/wp\/v2\/pages\/334\/revisions\/335"}],"wp:attachment":[{"href":"https:\/\/cms.mrkoelsch.de\/es\/wp-json\/wp\/v2\/media?parent=334"}],"curies":[{"name":"wp","href":"https:\/\/api.w.org\/{rel}","templated":true}]}}