{"id":984,"date":"2025-09-02T14:45:42","date_gmt":"2025-09-02T12:45:42","guid":{"rendered":"https:\/\/cms.mrkoelsch.de\/aviso-legal\/"},"modified":"2025-09-02T14:46:11","modified_gmt":"2025-09-02T12:46:11","slug":"aviso-legal","status":"publish","type":"page","link":"https:\/\/cms.mrkoelsch.de\/es\/aviso-legal\/","title":{"rendered":"Aviso legal"},"content":{"rendered":"\n<p><strong>The K\u00f6lsch Crew, Inh.: Michael Piel<\/strong><br\/>Schmiedegasse 30<br\/>50735 Colonia<br\/>Alemania<\/p>\n\n<p><strong>Contacto<\/strong><br\/>Tel\u00e9fono: 0221 66994069<br\/>Correo electr\u00f3nico: <a>tours@koelschcrew.com<\/a><br\/>Web: <a href=\"http:\/\/www.koelschcrew.de?utm_source=chatgpt.com\">www.koelschcrew.de<\/a> \u2022 <a href=\"http:\/\/www.koelschcrew.com?utm_source=chatgpt.com\">www.koelschcrew.com<\/a><\/p>\n\n<p><strong>Forma jur\u00eddica<\/strong><br\/>Empresa individual (no inscrita en el registro mercantil)<\/p>\n\n<p><strong>NIF-IVA<\/strong><br\/>N\u00famero de identificaci\u00f3n a efectos del IVA seg\u00fan el art\u00edculo 27a de la Ley del IVA: <em>(se a\u00f1adir\u00e1 posteriormente)<\/em> <\/p>\n\n<p><strong>Responsable del contenido seg\u00fan el art\u00edculo 18, apartado 2 del MStV <\/strong><br\/>Michael Piel, domicilio como el anterior<\/p>\n\n<p><strong>Contenidos period\u00edsticos-redaccionales<\/strong><br\/>En la medida en que se ofrezcan contenidos de car\u00e1cter period\u00edstico-redaccional, el responsable a efectos del art\u00edculo 18, apartado 2 del MStV es: Michael Piel (domicilio como el anterior). <\/p>\n\n<p><strong>Informaci\u00f3n sobre la resoluci\u00f3n de litigios en la UE \/ Resoluci\u00f3n de litigios en materia de consumo<\/strong><br\/>La Comisi\u00f3n Europea facilita una plataforma de resoluci\u00f3n de litigios en l\u00ednea (RLL): <a>https:\/\/ec.europa.eu\/consumers\/odr<\/a><br\/>No estamos obligados ni dispuestos a participar en un procedimiento de resoluci\u00f3n de litigios ante una junta de arbitraje de consumo.<\/p>\n\n<p><strong>Derechos de autor \/ Cr\u00e9ditos de las im\u00e1genes<\/strong><br\/>Todos los contenidos y obras de estas p\u00e1ginas est\u00e1n sujetos a la ley alemana de derechos de autor. La reproducci\u00f3n, edici\u00f3n, distribuci\u00f3n y cualquier tipo de uso fuera de los l\u00edmites de la ley de derechos de autor requieren el consentimiento previo por escrito del titular de los derechos.<br\/>Cr\u00e9ditos de las im\u00e1genes\/medios: Producciones propias de The K\u00f6lsch Crew, as\u00ed como medios con licencia (fuentes individuales marcadas en el pie de p\u00e1gina o en la obra, si procede). <\/p>\n\n<p><strong>Alojamiento \/ Implementaci\u00f3n t\u00e9cnica<\/strong><br\/>Alojamiento y funcionamiento del sitio web a trav\u00e9s de un proveedor europeo; CMS sin periferia (WordPress) con interfaz separada (Next.js).<\/p>\n\n<p><strong>Responsabilidad por los contenidos y enlaces<\/strong><br\/>Creamos los contenidos de estas p\u00e1ginas con el m\u00e1ximo cuidado. Sin embargo, no podemos garantizar la exactitud, integridad ni actualidad de los mismos. Como proveedores de servicios, somos responsables de nuestros propios contenidos de acuerdo con el art\u00edculo 7, apartado 1 de la TMG. No obstante, de acuerdo con los art\u00edculos 8 a 10 de la TMG, no estamos obligados a supervisar la informaci\u00f3n transmitida o almacenada por terceros ni a investigar las circunstancias que indiquen una actividad ilegal. Las obligaciones de eliminar o bloquear el uso de la informaci\u00f3n en virtud de las leyes generales no se ver\u00e1n afectadas por ello.<br\/>Nuestras p\u00e1ginas pueden contener enlaces a sitios web externos de terceros sobre cuyos contenidos no tenemos ninguna influencia. No asumimos ninguna responsabilidad por estos contenidos ajenos; el responsable es el proveedor\/operador respectivo. Los contenidos ilegales no eran reconocibles en el momento de la vinculaci\u00f3n. Si tenemos conocimiento de alguna infracci\u00f3n, eliminaremos dichos enlaces de inmediato.        <\/p>\n\n<p><strong>Fecha de esta aviso legal:<\/strong> 02 de septiembre de 2025<\/p>\n","protected":false},"excerpt":{"rendered":"<p>The K\u00f6lsch Crew, Inh.: Michael PielSchmiedegasse 3050735 ColoniaAlemania ContactoTel\u00e9fono: 0221 66994069Correo electr\u00f3nico: tours@koelschcrew.comWeb: www.koelschcrew.de \u2022 www.koelschcrew.com Forma jur\u00eddicaEmpresa individual (no inscrita en el registro mercantil) NIF-IVAN\u00famero de identificaci\u00f3n a efectos del IVA seg\u00fan el art\u00edculo 27a de la Ley del IVA: (se a\u00f1adir\u00e1 posteriormente) Responsable del contenido seg\u00fan el art\u00edculo 18, apartado 2 del MStV [&hellip;]<\/p>\n","protected":false},"author":1,"featured_media":0,"parent":0,"menu_order":0,"comment_status":"closed","ping_status":"closed","template":"","meta":{"footnotes":""},"class_list":["post-984","page","type-page","status-publish","hentry"],"_links":{"self":[{"href":"https:\/\/cms.mrkoelsch.de\/es\/wp-json\/wp\/v2\/pages\/984","targetHints":{"allow":["GET"]}}],"collection":[{"href":"https:\/\/cms.mrkoelsch.de\/es\/wp-json\/wp\/v2\/pages"}],"about":[{"href":"https:\/\/cms.mrkoelsch.de\/es\/wp-json\/wp\/v2\/types\/page"}],"author":[{"embeddable":true,"href":"https:\/\/cms.mrkoelsch.de\/es\/wp-json\/wp\/v2\/users\/1"}],"replies":[{"embeddable":true,"href":"https:\/\/cms.mrkoelsch.de\/es\/wp-json\/wp\/v2\/comments?post=984"}],"version-history":[{"count":1,"href":"https:\/\/cms.mrkoelsch.de\/es\/wp-json\/wp\/v2\/pages\/984\/revisions"}],"predecessor-version":[{"id":985,"href":"https:\/\/cms.mrkoelsch.de\/es\/wp-json\/wp\/v2\/pages\/984\/revisions\/985"}],"wp:attachment":[{"href":"https:\/\/cms.mrkoelsch.de\/es\/wp-json\/wp\/v2\/media?parent=984"}],"curies":[{"name":"wp","href":"https:\/\/api.w.org\/{rel}","templated":true}]}}