{"id":332,"date":"2025-08-11T16:24:55","date_gmt":"2025-08-11T14:24:55","guid":{"rendered":"https:\/\/cms.mrkoelsch.de\/page-dexemple\/"},"modified":"2025-08-27T11:27:30","modified_gmt":"2025-08-27T09:27:30","slug":"page-dexemple","status":"publish","type":"page","link":"https:\/\/cms.mrkoelsch.de\/fr\/page-dexemple\/","title":{"rendered":"Page d\u2019exemple"},"content":{"rendered":"\n<p>Ceci est une page d\u2019exemple. Elle est diff\u00e9rente des articles, car elle reste toujours au m\u00eame endroit et (dans la plupart des th\u00e8mes) elle appara\u00eet dans la navigation du site web. La plupart commencent par une page de mentions l\u00e9gales, la politique de confidentialit\u00e9 ou une page \u00ab\u00a0\u00c0 propos de nous\u00a0\u00bb pour se pr\u00e9senter aux visiteurs potentiels du site web. Par exemple, on pourrait y lire\u00a0:   <\/p>\n\n<blockquote class=\"wp-block-quote is-layout-flow wp-block-quote-is-layout-flow\"><p>Bonjour\u00a0! Le jour, je travaille comme coursier \u00e0 v\u00e9lo, la nuit, je suis un acteur en devenir et voici mon site web. Je vis \u00e0 Berlin, j\u2019ai un grand chien qui s\u2019appelle Jack, j\u2019aime les pi\u00f1as coladas, mais moins (sans parasol) \u00eatre laiss\u00e9 sous la pluie.  <\/p><\/blockquote>\n\n<p>\u2026 ou quelque chose comme\u00a0:<\/p>\n\n<blockquote class=\"wp-block-quote is-layout-flow wp-block-quote-is-layout-flow\"><p>L\u2019entreprise XYZ a \u00e9t\u00e9 fond\u00e9e en 1971 et fournit depuis lors au public des produits de haute qualit\u00e9. Sur son site situ\u00e9 dans une petite m\u00e9tropole, l\u2019entreprise emploie plus de 2\u00a0000\u00a0personnes et soutient les habitants de la ville de multiples fa\u00e7ons. <\/p><\/blockquote>\n\n<p>En tant que nouvel utilisateur de WordPress, vous devriez consulter <a href=\"http:\/\/localhost\/wp-admin\/\">votre tableau de bord<\/a> pour supprimer cette page et cr\u00e9er de nouvelles pages et de nouveaux articles pour votre site web. Amusez-vous bien\u00a0! <\/p>\n","protected":false},"excerpt":{"rendered":"<p>Ceci est une page d\u2019exemple. Elle est diff\u00e9rente des articles, car elle reste toujours au m\u00eame endroit et (dans la plupart des th\u00e8mes) elle appara\u00eet dans la navigation du site web. La plupart commencent par une page de mentions l\u00e9gales, la politique de confidentialit\u00e9 ou une page \u00ab\u00a0\u00c0 propos de nous\u00a0\u00bb pour se pr\u00e9senter aux [&hellip;]<\/p>\n","protected":false},"author":1,"featured_media":0,"parent":0,"menu_order":0,"comment_status":"closed","ping_status":"open","template":"","meta":{"footnotes":""},"class_list":["post-332","page","type-page","status-publish","hentry"],"_links":{"self":[{"href":"https:\/\/cms.mrkoelsch.de\/fr\/wp-json\/wp\/v2\/pages\/332","targetHints":{"allow":["GET"]}}],"collection":[{"href":"https:\/\/cms.mrkoelsch.de\/fr\/wp-json\/wp\/v2\/pages"}],"about":[{"href":"https:\/\/cms.mrkoelsch.de\/fr\/wp-json\/wp\/v2\/types\/page"}],"author":[{"embeddable":true,"href":"https:\/\/cms.mrkoelsch.de\/fr\/wp-json\/wp\/v2\/users\/1"}],"replies":[{"embeddable":true,"href":"https:\/\/cms.mrkoelsch.de\/fr\/wp-json\/wp\/v2\/comments?post=332"}],"version-history":[{"count":1,"href":"https:\/\/cms.mrkoelsch.de\/fr\/wp-json\/wp\/v2\/pages\/332\/revisions"}],"predecessor-version":[{"id":333,"href":"https:\/\/cms.mrkoelsch.de\/fr\/wp-json\/wp\/v2\/pages\/332\/revisions\/333"}],"wp:attachment":[{"href":"https:\/\/cms.mrkoelsch.de\/fr\/wp-json\/wp\/v2\/media?parent=332"}],"curies":[{"name":"wp","href":"https:\/\/api.w.org\/{rel}","templated":true}]}}