{"id":988,"date":"2025-09-02T14:45:42","date_gmt":"2025-09-02T12:45:42","guid":{"rendered":"https:\/\/cms.mrkoelsch.de\/mentions-legales\/"},"modified":"2025-09-02T14:46:11","modified_gmt":"2025-09-02T12:46:11","slug":"mentions-legales","status":"publish","type":"page","link":"https:\/\/cms.mrkoelsch.de\/fr\/mentions-legales\/","title":{"rendered":"Mentions l\u00e9gales"},"content":{"rendered":"\n<p><strong>The K\u00f6lsch Crew, Inh.: Michael Piel<\/strong><br\/>Schmiedegasse 30<br\/>50735 Cologne<br\/>Allemagne<\/p>\n\n<p><strong>Contact<\/strong><br\/>T\u00e9l\u00e9phone : 0221 66994069<br\/>E-mail : <a>tours@koelschcrew.com<\/a><br\/>Web : <a href=\"http:\/\/www.koelschcrew.de?utm_source=chatgpt.com\">www.koelschcrew.de<\/a> \u2022 <a href=\"http:\/\/www.koelschcrew.com?utm_source=chatgpt.com\">www.koelschcrew.com<\/a><\/p>\n\n<p><strong>Forme juridique<\/strong><br\/>Entreprise individuelle (non inscrite au registre du commerce)<\/p>\n\n<p><strong>Num\u00e9ro de TVA<\/strong><br\/>Num\u00e9ro d\u2019identification \u00e0 la TVA conform\u00e9ment au \u00a7 27a UStG : <em>(sera ajout\u00e9 ult\u00e9rieurement)<\/em> <\/p>\n\n<p><strong>Responsable du contenu selon \u00a7 18 alin\u00e9a 2 MStV <\/strong><br\/>Michael Piel, adresse comme ci-dessus<\/p>\n\n<p><strong>Contenus r\u00e9dactionnels et journalistiques<\/strong><br\/>Dans la mesure o\u00f9 des contenus de nature r\u00e9dactionnelle et journalistique sont propos\u00e9s, le responsable au sens du \u00a7 18 alin\u00e9a 2 MStV est : Michael Piel (adresse comme ci-dessus). <\/p>\n\n<p><strong>Informations sur le r\u00e8glement des litiges en ligne de l\u2019UE \/ r\u00e8glement des litiges de consommation<\/strong><br\/>La Commission europ\u00e9enne met \u00e0 disposition une plateforme de r\u00e8glement des litiges en ligne (RLL) : <a>https:\/\/ec.europa.eu\/consumers\/odr<\/a><br\/>Nous ne sommes pas tenus de participer \u00e0 une proc\u00e9dure de r\u00e8glement des litiges devant un organisme de conciliation pour les consommateurs et ne sommes pas dispos\u00e9s \u00e0 le faire.<\/p>\n\n<p><strong>Droit d\u2019auteur \/ Cr\u00e9dits photographiques<\/strong><br\/>Tous les contenus et \u0153uvres pr\u00e9sents sur ces pages sont soumis au droit d\u2019auteur allemand. La reproduction, le traitement, la diffusion et toute forme d\u2019exploitation en dehors des limites du droit d\u2019auteur n\u00e9cessitent l\u2019accord \u00e9crit pr\u00e9alable du titulaire des droits.<br\/>Cr\u00e9dits images\/m\u00e9dias : Productions propres de The K\u00f6lsch Crew ainsi que m\u00e9dias sous licence (sources individuelles \u00e9ventuellement indiqu\u00e9es dans le pied de page ou sur l\u2019\u0153uvre). <\/p>\n\n<p><strong>H\u00e9bergement \/ Mise en \u0153uvre technique<\/strong><br\/>H\u00e9bergement et exploitation du site web via un fournisseur europ\u00e9en ; CMS headless (WordPress) avec frontend s\u00e9par\u00e9 (Next.js).<\/p>\n\n<p><strong>Responsabilit\u00e9 pour les contenus et les liens<\/strong><br\/>Nous cr\u00e9ons les contenus de ces pages avec le plus grand soin. Nous ne pouvons toutefois garantir l\u2019exactitude, l\u2019exhaustivit\u00e9 et l\u2019actualit\u00e9 des contenus. En tant que prestataire de services, nous sommes responsables de nos propres contenus conform\u00e9ment au \u00a7 7 alin\u00e9a 1 TMG. Conform\u00e9ment aux \u00a7\u00a7 8\u201310 TMG, nous ne sommes toutefois pas tenus de surveiller les informations transmises ou stock\u00e9es par des tiers, ni de rechercher les circonstances qui indiquent une activit\u00e9 ill\u00e9gale. Les obligations de suppression ou de blocage de l\u2019utilisation des informations conform\u00e9ment aux lois g\u00e9n\u00e9rales n\u2019en sont pas affect\u00e9es.<br\/>Nos pages peuvent contenir des liens vers des sites web externes de tiers sur lesquels nous n\u2019avons aucune influence. Nous ne pouvons donc assumer aucune responsabilit\u00e9 pour ces contenus externes ; le fournisseur\/exploitant respectif est responsable. Les contenus ill\u00e9gaux n\u2019\u00e9taient pas reconnaissables au moment de la cr\u00e9ation des liens. D\u00e8s que nous aurons connaissance d\u2019une violation de la loi, nous supprimerons imm\u00e9diatement ces liens.        <\/p>\n\n<p><strong>Date de mise \u00e0 jour de ces mentions l\u00e9gales :<\/strong> 02 septembre 2025<\/p>\n","protected":false},"excerpt":{"rendered":"<p>The K\u00f6lsch Crew, Inh.: Michael PielSchmiedegasse 3050735 CologneAllemagne ContactT\u00e9l\u00e9phone : 0221 66994069E-mail : tours@koelschcrew.comWeb : www.koelschcrew.de \u2022 www.koelschcrew.com Forme juridiqueEntreprise individuelle (non inscrite au registre du commerce) Num\u00e9ro de TVANum\u00e9ro d\u2019identification \u00e0 la TVA conform\u00e9ment au \u00a7 27a UStG : (sera ajout\u00e9 ult\u00e9rieurement) Responsable du contenu selon \u00a7 18 alin\u00e9a 2 MStV Michael Piel, adresse [&hellip;]<\/p>\n","protected":false},"author":1,"featured_media":0,"parent":0,"menu_order":0,"comment_status":"closed","ping_status":"closed","template":"","meta":{"footnotes":""},"class_list":["post-988","page","type-page","status-publish","hentry"],"_links":{"self":[{"href":"https:\/\/cms.mrkoelsch.de\/fr\/wp-json\/wp\/v2\/pages\/988","targetHints":{"allow":["GET"]}}],"collection":[{"href":"https:\/\/cms.mrkoelsch.de\/fr\/wp-json\/wp\/v2\/pages"}],"about":[{"href":"https:\/\/cms.mrkoelsch.de\/fr\/wp-json\/wp\/v2\/types\/page"}],"author":[{"embeddable":true,"href":"https:\/\/cms.mrkoelsch.de\/fr\/wp-json\/wp\/v2\/users\/1"}],"replies":[{"embeddable":true,"href":"https:\/\/cms.mrkoelsch.de\/fr\/wp-json\/wp\/v2\/comments?post=988"}],"version-history":[{"count":1,"href":"https:\/\/cms.mrkoelsch.de\/fr\/wp-json\/wp\/v2\/pages\/988\/revisions"}],"predecessor-version":[{"id":989,"href":"https:\/\/cms.mrkoelsch.de\/fr\/wp-json\/wp\/v2\/pages\/988\/revisions\/989"}],"wp:attachment":[{"href":"https:\/\/cms.mrkoelsch.de\/fr\/wp-json\/wp\/v2\/media?parent=988"}],"curies":[{"name":"wp","href":"https:\/\/api.w.org\/{rel}","templated":true}]}}