{"id":254,"date":"2025-08-11T16:24:55","date_gmt":"2025-08-11T14:24:55","guid":{"rendered":"https:\/\/cms.mrkoelsch.de\/pagina-de-exemplo\/"},"modified":"2025-08-27T11:13:07","modified_gmt":"2025-08-27T09:13:07","slug":"pagina-de-exemplo","status":"publish","type":"page","link":"https:\/\/cms.mrkoelsch.de\/pt-br\/pagina-de-exemplo\/","title":{"rendered":"P\u00e1gina de exemplo"},"content":{"rendered":"\n<p>Esta \u00e9 uma p\u00e1gina de exemplo. Ela difere das publica\u00e7\u00f5es porque fica sempre no mesmo lugar e \u00e9 exibida na navega\u00e7\u00e3o do site (na maioria dos temas). A maioria come\u00e7a com uma impress\u00e3o, a pol\u00edtica de privacidade ou uma p\u00e1gina &#8220;Sobre n\u00f3s&#8221; para se apresentar aos poss\u00edveis visitantes do site. Por exemplo, voc\u00ea poderia dizer:   <\/p>\n\n<blockquote class=\"wp-block-quote is-layout-flow wp-block-quote-is-layout-flow\"><p>Ol\u00e1, durante o dia trabalho como entregador de bicicletas, \u00e0 noite sou um aspirante a ator e este \u00e9 o meu site. Moro em Berlim, tenho um cachorro grande chamado Jack, gosto de pi\u00f1a coladas, mas n\u00e3o tanto de ser deixado na chuva (sem guarda-chuva).  <\/p><\/blockquote>\n\n<p>&#8230; ou algo do g\u00eanero:<\/p>\n\n<blockquote class=\"wp-block-quote is-layout-flow wp-block-quote-is-layout-flow\"><p>A empresa XYZ foi fundada em 1971 e, desde ent\u00e3o, vem fornecendo ao p\u00fablico produtos de alta qualidade. Localizada em uma cidade pequena, a empresa emprega mais de 2.000 pessoas e apoia os moradores da cidade de v\u00e1rias maneiras. <\/p><\/blockquote>\n\n<p>Como um novo usu\u00e1rio do WordPress, voc\u00ea deve ir ao <a href=\"http:\/\/localhost\/wp-admin\/\">painel<\/a> para excluir essa p\u00e1gina e criar novas p\u00e1ginas e postagens para o seu site. Voc\u00ea se divertir\u00e1! <\/p>\n","protected":false},"excerpt":{"rendered":"<p>Esta \u00e9 uma p\u00e1gina de exemplo. Ela difere das publica\u00e7\u00f5es porque fica sempre no mesmo lugar e \u00e9 exibida na navega\u00e7\u00e3o do site (na maioria dos temas). A maioria come\u00e7a com uma impress\u00e3o, a pol\u00edtica de privacidade ou uma p\u00e1gina &#8220;Sobre n\u00f3s&#8221; para se apresentar aos poss\u00edveis visitantes do site. Por exemplo, voc\u00ea poderia dizer: [&hellip;]<\/p>\n","protected":false},"author":1,"featured_media":0,"parent":0,"menu_order":0,"comment_status":"closed","ping_status":"open","template":"","meta":{"footnotes":""},"class_list":["post-254","page","type-page","status-publish","hentry"],"_links":{"self":[{"href":"https:\/\/cms.mrkoelsch.de\/pt-br\/wp-json\/wp\/v2\/pages\/254","targetHints":{"allow":["GET"]}}],"collection":[{"href":"https:\/\/cms.mrkoelsch.de\/pt-br\/wp-json\/wp\/v2\/pages"}],"about":[{"href":"https:\/\/cms.mrkoelsch.de\/pt-br\/wp-json\/wp\/v2\/types\/page"}],"author":[{"embeddable":true,"href":"https:\/\/cms.mrkoelsch.de\/pt-br\/wp-json\/wp\/v2\/users\/1"}],"replies":[{"embeddable":true,"href":"https:\/\/cms.mrkoelsch.de\/pt-br\/wp-json\/wp\/v2\/comments?post=254"}],"version-history":[{"count":1,"href":"https:\/\/cms.mrkoelsch.de\/pt-br\/wp-json\/wp\/v2\/pages\/254\/revisions"}],"predecessor-version":[{"id":255,"href":"https:\/\/cms.mrkoelsch.de\/pt-br\/wp-json\/wp\/v2\/pages\/254\/revisions\/255"}],"wp:attachment":[{"href":"https:\/\/cms.mrkoelsch.de\/pt-br\/wp-json\/wp\/v2\/media?parent=254"}],"curies":[{"name":"wp","href":"https:\/\/api.w.org\/{rel}","templated":true}]}}