{"id":986,"date":"2025-09-02T14:45:42","date_gmt":"2025-09-02T12:45:42","guid":{"rendered":"https:\/\/cms.mrkoelsch.de\/aviso-legal\/"},"modified":"2025-09-02T14:46:11","modified_gmt":"2025-09-02T12:46:11","slug":"aviso-legal","status":"publish","type":"page","link":"https:\/\/cms.mrkoelsch.de\/pt-br\/aviso-legal\/","title":{"rendered":"Aviso Legal"},"content":{"rendered":"\n<p><strong>The K\u00f6lsch Crew, Propriet\u00e1rio: Michael Piel<\/strong><br\/>Schmiedegasse 30<br\/>50735 K\u00f6ln<br\/>Alemanha<\/p>\n\n<p><strong>Contato<\/strong><br\/>Telefone: 0221 66994069<br\/>E-mail: <a>tours@koelschcrew.com<\/a><br\/>Web: <a href=\"http:\/\/www.koelschcrew.de?utm_source=chatgpt.com\">www.koelschcrew.de<\/a> \u2022 <a href=\"http:\/\/www.koelschcrew.com?utm_source=chatgpt.com\">www.koelschcrew.com<\/a><\/p>\n\n<p><strong>Forma Jur\u00eddica<\/strong><br\/>Empresa Individual (n\u00e3o registrada no registro comercial)<\/p>\n\n<p><strong>ID de IVA<\/strong><br\/>N\u00famero de Identifica\u00e7\u00e3o do IVA conforme \u00a7 27a UStG: <em>(a ser adicionado)<\/em> <\/p>\n\n<p><strong>Respons\u00e1vel pelo conte\u00fado conforme \u00a7 18 Abs. 2 MStV <\/strong><br\/>Michael Piel, endere\u00e7o como acima<\/p>\n\n<p><strong>Conte\u00fado Editorial-Jornal\u00edstico<\/strong><br\/>Quando o conte\u00fado \u00e9 de natureza editorial-jornal\u00edstica, o respons\u00e1vel conforme \u00a7 18 Abs. 2 MStV \u00e9: Michael Piel (endere\u00e7o como acima). <\/p>\n\n<p><strong>Informa\u00e7\u00e3o sobre Resolu\u00e7\u00e3o de Disputas da UE \/ Resolu\u00e7\u00e3o de Conflitos do Consumidor<\/strong><br\/>A Comiss\u00e3o Europeia fornece uma plataforma para resolu\u00e7\u00e3o de disputas online (ODR): <a>https:\/\/ec.europa.eu\/consumers\/odr<\/a><br\/>N\u00e3o somos obrigados nem estamos dispostos a participar de procedimentos de resolu\u00e7\u00e3o de disputas perante um \u00f3rg\u00e3o de arbitragem do consumidor.<\/p>\n\n<p><strong>Direitos Autorais \/ Cr\u00e9ditos de Imagem<\/strong><br\/>Todo o conte\u00fado e trabalhos nestas p\u00e1ginas est\u00e3o sujeitos \u00e0 lei alem\u00e3 de direitos autorais. A reprodu\u00e7\u00e3o, processamento, distribui\u00e7\u00e3o e qualquer tipo de uso al\u00e9m dos limites dos direitos autorais requerem o consentimento pr\u00e9vio por escrito do titular dos direitos.<br\/>Cr\u00e9ditos de imagem\/m\u00eddia: Produ\u00e7\u00f5es pr\u00f3prias da The K\u00f6lsch Crew e m\u00eddia licenciada (fontes individuais indicadas no rodap\u00e9 da p\u00e1gina ou na obra, quando aplic\u00e1vel). <\/p>\n\n<p><strong>Hospedagem \/ Implementa\u00e7\u00e3o T\u00e9cnica<\/strong><br\/>Hospedagem e opera\u00e7\u00e3o do site atrav\u00e9s de um provedor europeu; CMS Headless (WordPress) com frontend separado (Next.js).<\/p>\n\n<p><strong>Responsabilidade por Conte\u00fado e Links<\/strong><br\/>Criamos o conte\u00fado destas p\u00e1ginas com o m\u00e1ximo cuidado. No entanto, n\u00e3o podemos garantir a precis\u00e3o, integridade e atualidade. Como provedor de servi\u00e7os, somos respons\u00e1veis pelo nosso pr\u00f3prio conte\u00fado de acordo com \u00a7 7 Abs. 1 TMG. De acordo com \u00a7\u00a7 8-10 TMG, n\u00e3o somos obrigados a monitorar informa\u00e7\u00f5es transmitidas ou armazenadas de terceiros ou investigar circunst\u00e2ncias que indiquem atividade ilegal. As obriga\u00e7\u00f5es de remover ou bloquear o uso de informa\u00e7\u00f5es de acordo com as leis gerais permanecem inalteradas.<br\/>Nossas p\u00e1ginas podem conter links para sites externos de terceiros, sobre cujo conte\u00fado n\u00e3o temos influ\u00eancia. N\u00e3o assumimos responsabilidade por estes conte\u00fados externos; o respectivo provedor\/operador \u00e9 respons\u00e1vel. Conte\u00fado ilegal n\u00e3o era reconhec\u00edvel no momento da vincula\u00e7\u00e3o. Ao tomar conhecimento de viola\u00e7\u00f5es legais, removeremos tais links imediatamente.        <\/p>\n\n<p><strong>Data deste Aviso Legal:<\/strong> 02 de setembro de 2025<\/p>\n","protected":false},"excerpt":{"rendered":"<p>The K\u00f6lsch Crew, Propriet\u00e1rio: Michael PielSchmiedegasse 3050735 K\u00f6lnAlemanha ContatoTelefone: 0221 66994069E-mail: tours@koelschcrew.comWeb: www.koelschcrew.de \u2022 www.koelschcrew.com Forma Jur\u00eddicaEmpresa Individual (n\u00e3o registrada no registro comercial) ID de IVAN\u00famero de Identifica\u00e7\u00e3o do IVA conforme \u00a7 27a UStG: (a ser adicionado) Respons\u00e1vel pelo conte\u00fado conforme \u00a7 18 Abs. 2 MStV Michael Piel, endere\u00e7o como acima Conte\u00fado Editorial-Jornal\u00edsticoQuando o conte\u00fado [&hellip;]<\/p>\n","protected":false},"author":1,"featured_media":0,"parent":0,"menu_order":0,"comment_status":"closed","ping_status":"closed","template":"","meta":{"footnotes":""},"class_list":["post-986","page","type-page","status-publish","hentry"],"_links":{"self":[{"href":"https:\/\/cms.mrkoelsch.de\/pt-br\/wp-json\/wp\/v2\/pages\/986","targetHints":{"allow":["GET"]}}],"collection":[{"href":"https:\/\/cms.mrkoelsch.de\/pt-br\/wp-json\/wp\/v2\/pages"}],"about":[{"href":"https:\/\/cms.mrkoelsch.de\/pt-br\/wp-json\/wp\/v2\/types\/page"}],"author":[{"embeddable":true,"href":"https:\/\/cms.mrkoelsch.de\/pt-br\/wp-json\/wp\/v2\/users\/1"}],"replies":[{"embeddable":true,"href":"https:\/\/cms.mrkoelsch.de\/pt-br\/wp-json\/wp\/v2\/comments?post=986"}],"version-history":[{"count":1,"href":"https:\/\/cms.mrkoelsch.de\/pt-br\/wp-json\/wp\/v2\/pages\/986\/revisions"}],"predecessor-version":[{"id":987,"href":"https:\/\/cms.mrkoelsch.de\/pt-br\/wp-json\/wp\/v2\/pages\/986\/revisions\/987"}],"wp:attachment":[{"href":"https:\/\/cms.mrkoelsch.de\/pt-br\/wp-json\/wp\/v2\/media?parent=986"}],"curies":[{"name":"wp","href":"https:\/\/api.w.org\/{rel}","templated":true}]}}